{"id":20,"date":"2024-02-12T12:51:01","date_gmt":"2024-02-12T12:51:01","guid":{"rendered":"https:\/\/mehreensana.com\/?page_id=20"},"modified":"2025-10-09T15:37:55","modified_gmt":"2025-10-09T15:37:55","slug":"projects","status":"publish","type":"page","link":"https:\/\/aiacnb.ca\/fr\/projects\/","title":{"rendered":"Projets"},"content":{"rendered":"<div data-elementor-type=\"wp-page\" data-elementor-id=\"20\" class=\"elementor elementor-20\" data-elementor-post-type=\"page\">\n\t\t\t\t\t\t<section class=\"elementor-section elementor-top-section elementor-element elementor-element-5597d9f2 elementor-section-height-min-height elementor-section-boxed elementor-section-height-default elementor-section-items-middle\" data-id=\"5597d9f2\" data-element_type=\"section\" data-settings=\"{&quot;background_background&quot;:&quot;classic&quot;}\" data-e-bg-lazyload=\"\">\n\t\t\t\t\t\t\t<div class=\"elementor-background-overlay\"><\/div>\n\t\t\t\t\t\t\t<div class=\"elementor-container elementor-column-gap-default\">\n\t\t\t\t\t<div class=\"elementor-column elementor-col-100 elementor-top-column elementor-element elementor-element-680c80cb\" data-id=\"680c80cb\" data-element_type=\"column\">\n\t\t\t<div class=\"elementor-widget-wrap elementor-element-populated\">\n\t\t\t\t\t\t<div class=\"elementor-element elementor-element-21f25661 elementor-widget elementor-widget-heading\" data-id=\"21f25661\" data-element_type=\"widget\" data-widget_type=\"heading.default\">\n\t\t\t\t<div class=\"elementor-widget-container\">\n\t\t\t<style>\/*! elementor - v3.19.0 - 07-02-2024 *\/\n.elementor-heading-title{padding:0;margin:0;line-height:1}.elementor-widget-heading .elementor-heading-title[class*=elementor-size-]>a{color:inherit;font-size:inherit;line-height:inherit}.elementor-widget-heading .elementor-heading-title.elementor-size-small{font-size:15px}.elementor-widget-heading .elementor-heading-title.elementor-size-medium{font-size:19px}.elementor-widget-heading .elementor-heading-title.elementor-size-large{font-size:29px}.elementor-widget-heading .elementor-heading-title.elementor-size-xl{font-size:39px}.elementor-widget-heading .elementor-heading-title.elementor-size-xxl{font-size:59px}<\/style><h1 class=\"elementor-heading-title elementor-size-default\">Nos Projets<\/h1>\t\t<\/div>\n\t\t\t\t<\/div>\n\t\t\t\t<div class=\"elementor-element elementor-element-487a65ab elementor-icon-list--layout-inline elementor-align-center elementor-list-item-link-full_width elementor-widget elementor-widget-icon-list\" data-id=\"487a65ab\" data-element_type=\"widget\" data-widget_type=\"icon-list.default\">\n\t\t\t\t<div class=\"elementor-widget-container\">\n\t\t\t<link rel=\"stylesheet\" href=\"https:\/\/aiacnb.ca\/wp-content\/uploads\/elementor\/css\/custom-widget-icon-list.min.css?ver=1753878878\">\t\t<ul class=\"elementor-icon-list-items elementor-inline-items\">\n\t\t\t\t\t\t\t<li class=\"elementor-icon-list-item elementor-inline-item\">\n\t\t\t\t\t\t\t\t\t\t<span class=\"elementor-icon-list-text\">ACCUEIL<\/span>\n\t\t\t\t\t\t\t\t\t<\/li>\n\t\t\t\t\t\t\t\t<li class=\"elementor-icon-list-item elementor-inline-item\">\n\t\t\t\t\t\t\t\t\t\t\t<span class=\"elementor-icon-list-icon\">\n\t\t\t\t\t\t\t<i aria-hidden=\"true\" class=\"icon icon-right-arrow\"><\/i>\t\t\t\t\t\t<\/span>\n\t\t\t\t\t\t\t\t\t\t<span class=\"elementor-icon-list-text\">Nos Projets<\/span>\n\t\t\t\t\t\t\t\t\t<\/li>\n\t\t\t\t\t\t<\/ul>\n\t\t\t\t<\/div>\n\t\t\t\t<\/div>\n\t\t\t\t\t<\/div>\n\t\t<\/div>\n\t\t\t\t\t<\/div>\n\t\t<\/section>\n\t\t\t\t<section class=\"elementor-section elementor-top-section elementor-element elementor-element-6a30bf5d elementor-section-boxed elementor-section-height-default elementor-section-height-default\" data-id=\"6a30bf5d\" data-element_type=\"section\" data-settings=\"{&quot;background_background&quot;:&quot;classic&quot;}\">\n\t\t\t\t\t\t<div class=\"elementor-container elementor-column-gap-default\">\n\t\t\t\t\t<div class=\"elementor-column elementor-col-100 elementor-top-column elementor-element elementor-element-2e5b06f5\" data-id=\"2e5b06f5\" data-element_type=\"column\">\n\t\t\t<div class=\"elementor-widget-wrap elementor-element-populated\">\n\t\t\t\t\t\t<div class=\"elementor-element elementor-element-67e02bcb elementor-widget elementor-widget-heading\" data-id=\"67e02bcb\" data-element_type=\"widget\" data-widget_type=\"heading.default\">\n\t\t\t\t<div class=\"elementor-widget-container\">\n\t\t\t<h2 class=\"elementor-heading-title elementor-size-default\">Nos Projets<\/h2>\t\t<\/div>\n\t\t\t\t<\/div>\n\t\t\t\t<div class=\"elementor-element elementor-element-c1cd7c0 elementor-widget elementor-widget-heading\" data-id=\"c1cd7c0\" data-element_type=\"widget\" data-widget_type=\"heading.default\">\n\t\t\t\t<div class=\"elementor-widget-container\">\n\t\t\t<h2 class=\"elementor-heading-title elementor-size-default\">BIEN QUE LA LISTE NE SOIT PAS EXHAUSTIVE, NOS PRINCIPAUX PROJETS SONT :<\/h2>\t\t<\/div>\n\t\t\t\t<\/div>\n\t\t\t\t<section class=\"elementor-section elementor-inner-section elementor-element elementor-element-7fd3d912 elementor-section-boxed elementor-section-height-default elementor-section-height-default\" data-id=\"7fd3d912\" data-element_type=\"section\">\n\t\t\t\t\t\t<div class=\"elementor-container elementor-column-gap-no\">\n\t\t\t\t\t<div class=\"elementor-column elementor-col-33 elementor-inner-column elementor-element elementor-element-38801bfe elementor-invisible\" data-id=\"38801bfe\" data-element_type=\"column\" data-settings=\"{&quot;animation&quot;:&quot;rotateInDownLeft&quot;}\">\n\t\t\t<div class=\"elementor-widget-wrap elementor-element-populated\">\n\t\t\t\t\t\t<div class=\"elementor-element elementor-element-b0286e1 elementor-widget elementor-widget-image\" data-id=\"b0286e1\" data-element_type=\"widget\" data-widget_type=\"image.default\">\n\t\t\t\t<div class=\"elementor-widget-container\">\n\t\t\t<style>\/*! elementor - v3.19.0 - 07-02-2024 *\/\n.elementor-widget-image{text-align:center}.elementor-widget-image a{display:inline-block}.elementor-widget-image a img[src$=\".svg\"]{width:48px}.elementor-widget-image img{vertical-align:middle;display:inline-block}<\/style>\t\t\t\t\t\t\t\t\t\t<img fetchpriority=\"high\" decoding=\"async\" width=\"512\" height=\"512\" src=\"https:\/\/aiacnb.ca\/wp-content\/uploads\/2024\/02\/network.png\" class=\"attachment-large size-large wp-image-444\" alt=\"\" srcset=\"https:\/\/aiacnb.ca\/wp-content\/uploads\/2024\/02\/network.png 512w, https:\/\/aiacnb.ca\/wp-content\/uploads\/2024\/02\/network-300x300.png 300w, https:\/\/aiacnb.ca\/wp-content\/uploads\/2024\/02\/network-150x150.png 150w\" sizes=\"(max-width: 512px) 100vw, 512px\" \/>\t\t\t\t\t\t\t\t\t\t\t\t\t<\/div>\n\t\t\t\t<\/div>\n\t\t\t\t<div class=\"elementor-element elementor-element-58b79577 elementor-widget elementor-widget-heading\" data-id=\"58b79577\" data-element_type=\"widget\" data-widget_type=\"heading.default\">\n\t\t\t\t<div class=\"elementor-widget-container\">\n\t\t\t<p class=\"elementor-heading-title elementor-size-default\">1. AIAC-NB a initi\u00e9 la mise en place du Centre Culturel Communautaire Afro-Canadien du Nouveau-Brunswick (CCCAC-NB), qui est d\u00e9sormais un organisme autonome, d\u00e9di\u00e9 \u00e0 la promotion et \u00e0 la gestion d\u2019un espace culturel au service de la communaut\u00e9 noire du Nouveau-Brunswick.<\/p>\t\t<\/div>\n\t\t\t\t<\/div>\n\t\t\t\t\t<\/div>\n\t\t<\/div>\n\t\t\t\t<div class=\"elementor-column elementor-col-33 elementor-inner-column elementor-element elementor-element-5ca67e11 elementor-invisible\" data-id=\"5ca67e11\" data-element_type=\"column\" data-settings=\"{&quot;animation&quot;:&quot;zoomIn&quot;}\">\n\t\t\t<div class=\"elementor-widget-wrap elementor-element-populated\">\n\t\t\t\t\t\t<div class=\"elementor-element elementor-element-85ad53a elementor-widget elementor-widget-image\" data-id=\"85ad53a\" data-element_type=\"widget\" data-widget_type=\"image.default\">\n\t\t\t\t<div class=\"elementor-widget-container\">\n\t\t\t\t\t\t\t\t\t\t\t\t\t<img decoding=\"async\" width=\"512\" height=\"512\" src=\"https:\/\/aiacnb.ca\/wp-content\/uploads\/2024\/02\/development.png\" class=\"attachment-large size-large wp-image-475\" alt=\"\" srcset=\"https:\/\/aiacnb.ca\/wp-content\/uploads\/2024\/02\/development.png 512w, https:\/\/aiacnb.ca\/wp-content\/uploads\/2024\/02\/development-300x300.png 300w, https:\/\/aiacnb.ca\/wp-content\/uploads\/2024\/02\/development-150x150.png 150w, https:\/\/aiacnb.ca\/wp-content\/uploads\/2024\/02\/development-12x12.png 12w\" sizes=\"(max-width: 512px) 100vw, 512px\" \/>\t\t\t\t\t\t\t\t\t\t\t\t\t<\/div>\n\t\t\t\t<\/div>\n\t\t\t\t<div class=\"elementor-element elementor-element-5dfe1c9b elementor-widget elementor-widget-heading\" data-id=\"5dfe1c9b\" data-element_type=\"widget\" data-widget_type=\"heading.default\">\n\t\t\t\t<div class=\"elementor-widget-container\">\n\t\t\t<p class=\"elementor-heading-title elementor-size-default\">2. Histoire des Noirs du Nouveau-Brunswick en images : Nous organisons chaque ann\u00e9e une exposition photo sur l\u2019histoire et la communaut\u00e9 noire du Nouveau-Brunswick. La premi\u00e8re \u00e9dition a eu lieu du 1 au 28 f\u00e9vrier 2023 dans les campus du CCNB \u00e0 travers la province du Nouveau-Brunswick.<\/p>\t\t<\/div>\n\t\t\t\t<\/div>\n\t\t\t\t\t<\/div>\n\t\t<\/div>\n\t\t\t\t<div class=\"elementor-column elementor-col-33 elementor-inner-column elementor-element elementor-element-47515f6f elementor-invisible\" data-id=\"47515f6f\" data-element_type=\"column\" data-settings=\"{&quot;animation&quot;:&quot;rotateInDownRight&quot;}\">\n\t\t\t<div class=\"elementor-widget-wrap elementor-element-populated\">\n\t\t\t\t\t\t<div class=\"elementor-element elementor-element-18cf5e0 elementor-widget elementor-widget-image\" data-id=\"18cf5e0\" data-element_type=\"widget\" data-widget_type=\"image.default\">\n\t\t\t\t<div class=\"elementor-widget-container\">\n\t\t\t\t\t\t\t\t\t\t\t\t\t<img decoding=\"async\" width=\"512\" height=\"512\" src=\"https:\/\/aiacnb.ca\/wp-content\/uploads\/2024\/02\/motivation-1.png\" class=\"attachment-large size-large wp-image-445\" alt=\"\" srcset=\"https:\/\/aiacnb.ca\/wp-content\/uploads\/2024\/02\/motivation-1.png 512w, https:\/\/aiacnb.ca\/wp-content\/uploads\/2024\/02\/motivation-1-300x300.png 300w, https:\/\/aiacnb.ca\/wp-content\/uploads\/2024\/02\/motivation-1-150x150.png 150w\" sizes=\"(max-width: 512px) 100vw, 512px\" \/>\t\t\t\t\t\t\t\t\t\t\t\t\t<\/div>\n\t\t\t\t<\/div>\n\t\t\t\t<div class=\"elementor-element elementor-element-41e60ba elementor-widget elementor-widget-heading\" data-id=\"41e60ba\" data-element_type=\"widget\" data-widget_type=\"heading.default\">\n\t\t\t\t<div class=\"elementor-widget-container\">\n\t\t\t<p class=\"elementor-heading-title elementor-size-default\">3. Colloque sur l\u2019histoire des noirs du Nouveau-Brunswick : H\u00e9ritage, d\u00e9fis et destin\u00e9e : Chaque ann\u00e9e, nous tenons un colloque avec la participation des universitaires, chercheurs et \u00e9crivains autour de l\u2019histoire, situation et avenir de la communaut\u00e9 noire du Nouveau-Brunswick.\n\n<br><br>\n\nLa premi\u00e8re \u00e9dition a eu lieu le 3 d\u00e9cembre 2022 au CCNB-Campus de Dieppe.<\/p>\t\t<\/div>\n\t\t\t\t<\/div>\n\t\t\t\t\t<\/div>\n\t\t<\/div>\n\t\t\t\t\t<\/div>\n\t\t<\/section>\n\t\t\t\t<section class=\"elementor-section elementor-inner-section elementor-element elementor-element-f00b5d1 elementor-section-boxed elementor-section-height-default elementor-section-height-default\" data-id=\"f00b5d1\" data-element_type=\"section\">\n\t\t\t\t\t\t<div class=\"elementor-container elementor-column-gap-default\">\n\t\t\t\t\t<div class=\"elementor-column elementor-col-33 elementor-inner-column elementor-element elementor-element-c6cc781 elementor-invisible\" data-id=\"c6cc781\" data-element_type=\"column\" data-settings=\"{&quot;animation&quot;:&quot;rotateInDownLeft&quot;,&quot;background_background&quot;:&quot;classic&quot;}\">\n\t\t\t<div class=\"elementor-widget-wrap elementor-element-populated\">\n\t\t\t\t\t\t<div class=\"elementor-element elementor-element-a7d6d52 elementor-widget elementor-widget-image\" data-id=\"a7d6d52\" data-element_type=\"widget\" data-widget_type=\"image.default\">\n\t\t\t\t<div class=\"elementor-widget-container\">\n\t\t\t\t\t\t\t\t\t\t\t\t\t<img loading=\"lazy\" decoding=\"async\" width=\"512\" height=\"512\" src=\"https:\/\/aiacnb.ca\/wp-content\/uploads\/2024\/02\/speak.png\" class=\"attachment-large size-large wp-image-476\" alt=\"\" srcset=\"https:\/\/aiacnb.ca\/wp-content\/uploads\/2024\/02\/speak.png 512w, https:\/\/aiacnb.ca\/wp-content\/uploads\/2024\/02\/speak-300x300.png 300w, https:\/\/aiacnb.ca\/wp-content\/uploads\/2024\/02\/speak-150x150.png 150w, https:\/\/aiacnb.ca\/wp-content\/uploads\/2024\/02\/speak-12x12.png 12w\" sizes=\"(max-width: 512px) 100vw, 512px\" \/>\t\t\t\t\t\t\t\t\t\t\t\t\t<\/div>\n\t\t\t\t<\/div>\n\t\t\t\t<div class=\"elementor-element elementor-element-80ab79c elementor-widget elementor-widget-heading\" data-id=\"80ab79c\" data-element_type=\"widget\" data-widget_type=\"heading.default\">\n\t\t\t\t<div class=\"elementor-widget-container\">\n\t\t\t<p class=\"elementor-heading-title elementor-size-default\">4. Echo de la chanson francophone acadienne : Cette initiative permet aux jeunes issus de l\u2019immigration francophone de d\u00e9couvrir la culture acadienne \u00e0 travers la musique et mettre en valeur leurs talents musicaux<\/p>\t\t<\/div>\n\t\t\t\t<\/div>\n\t\t\t\t\t<\/div>\n\t\t<\/div>\n\t\t\t\t<div class=\"elementor-column elementor-col-33 elementor-inner-column elementor-element elementor-element-6484c08 elementor-invisible\" data-id=\"6484c08\" data-element_type=\"column\" data-settings=\"{&quot;animation&quot;:&quot;zoomIn&quot;}\">\n\t\t\t<div class=\"elementor-widget-wrap elementor-element-populated\">\n\t\t\t\t\t\t<div class=\"elementor-element elementor-element-8b7993a elementor-widget elementor-widget-image\" data-id=\"8b7993a\" data-element_type=\"widget\" data-widget_type=\"image.default\">\n\t\t\t\t<div class=\"elementor-widget-container\">\n\t\t\t\t\t\t\t\t\t\t\t\t\t<img loading=\"lazy\" decoding=\"async\" width=\"512\" height=\"512\" src=\"https:\/\/aiacnb.ca\/wp-content\/uploads\/2024\/02\/youtube.png\" class=\"attachment-large size-large wp-image-478\" alt=\"\" srcset=\"https:\/\/aiacnb.ca\/wp-content\/uploads\/2024\/02\/youtube.png 512w, https:\/\/aiacnb.ca\/wp-content\/uploads\/2024\/02\/youtube-300x300.png 300w, https:\/\/aiacnb.ca\/wp-content\/uploads\/2024\/02\/youtube-150x150.png 150w, https:\/\/aiacnb.ca\/wp-content\/uploads\/2024\/02\/youtube-12x12.png 12w\" sizes=\"(max-width: 512px) 100vw, 512px\" \/>\t\t\t\t\t\t\t\t\t\t\t\t\t<\/div>\n\t\t\t\t<\/div>\n\t\t\t\t<div class=\"elementor-element elementor-element-cb57a6f elementor-widget elementor-widget-heading\" data-id=\"cb57a6f\" data-element_type=\"widget\" data-widget_type=\"heading.default\">\n\t\t\t\t<div class=\"elementor-widget-container\">\n\t\t\t<p class=\"elementor-heading-title elementor-size-default\">6. WebTV AfroNB: Une chaine TV YouTube pour informer et mettre en valeur la communaut\u00e9 noire du Nouveau-Brunswick tout en envisageant \u00e0 long terme d'y associer une infolettre, etc.<\/p>\t\t<\/div>\n\t\t\t\t<\/div>\n\t\t\t\t\t<\/div>\n\t\t<\/div>\n\t\t\t\t<div class=\"elementor-column elementor-col-33 elementor-inner-column elementor-element elementor-element-7f54bcc elementor-invisible\" data-id=\"7f54bcc\" data-element_type=\"column\" data-settings=\"{&quot;animation&quot;:&quot;rotateInDownRight&quot;}\">\n\t\t\t<div class=\"elementor-widget-wrap elementor-element-populated\">\n\t\t\t\t\t\t<div class=\"elementor-element elementor-element-d66f1a6 elementor-widget elementor-widget-image\" data-id=\"d66f1a6\" data-element_type=\"widget\" data-widget_type=\"image.default\">\n\t\t\t\t<div class=\"elementor-widget-container\">\n\t\t\t\t\t\t\t\t\t\t\t\t\t<img loading=\"lazy\" decoding=\"async\" width=\"512\" height=\"512\" src=\"https:\/\/aiacnb.ca\/wp-content\/uploads\/2024\/02\/community.png\" class=\"attachment-large size-large wp-image-477\" alt=\"\" srcset=\"https:\/\/aiacnb.ca\/wp-content\/uploads\/2024\/02\/community.png 512w, https:\/\/aiacnb.ca\/wp-content\/uploads\/2024\/02\/community-300x300.png 300w, https:\/\/aiacnb.ca\/wp-content\/uploads\/2024\/02\/community-150x150.png 150w, https:\/\/aiacnb.ca\/wp-content\/uploads\/2024\/02\/community-12x12.png 12w\" sizes=\"(max-width: 512px) 100vw, 512px\" \/>\t\t\t\t\t\t\t\t\t\t\t\t\t<\/div>\n\t\t\t\t<\/div>\n\t\t\t\t<div class=\"elementor-element elementor-element-fb7a640 elementor-widget elementor-widget-heading\" data-id=\"fb7a640\" data-element_type=\"widget\" data-widget_type=\"heading.default\">\n\t\t\t\t<div class=\"elementor-widget-container\">\n\t\t\t<p class=\"elementor-heading-title elementor-size-default\">6. Chouettes cr\u00e9ations francophones : Une initiative d\u00e9di\u00e9e \u00e0 la cr\u00e9ativit\u00e9, \u00e0 l'initiation des enfants, \u00e0 la diversit\u00e9 culturelle \u00e0 travers les arts visuels dans les garderies au Nouveau Brunswick<\/p>\t\t<\/div>\n\t\t\t\t<\/div>\n\t\t\t\t\t<\/div>\n\t\t<\/div>\n\t\t\t\t\t<\/div>\n\t\t<\/section>\n\t\t\t\t<section class=\"elementor-section elementor-inner-section elementor-element elementor-element-25bec35 elementor-section-boxed elementor-section-height-default elementor-section-height-default\" data-id=\"25bec35\" data-element_type=\"section\">\n\t\t\t\t\t\t<div class=\"elementor-container elementor-column-gap-default\">\n\t\t\t\t\t<div class=\"elementor-column elementor-col-33 elementor-inner-column elementor-element elementor-element-b20f0fc elementor-invisible\" data-id=\"b20f0fc\" data-element_type=\"column\" data-settings=\"{&quot;animation&quot;:&quot;rotateInDownLeft&quot;,&quot;background_background&quot;:&quot;classic&quot;}\">\n\t\t\t<div class=\"elementor-widget-wrap elementor-element-populated\">\n\t\t\t\t\t\t<div class=\"elementor-element elementor-element-bde1405 elementor-widget elementor-widget-image\" data-id=\"bde1405\" data-element_type=\"widget\" data-widget_type=\"image.default\">\n\t\t\t\t<div class=\"elementor-widget-container\">\n\t\t\t\t\t\t\t\t\t\t\t\t\t<img loading=\"lazy\" decoding=\"async\" width=\"800\" height=\"800\" src=\"https:\/\/aiacnb.ca\/wp-content\/uploads\/2025\/07\/people-svgrepo-com.svg\" class=\"attachment-large size-large wp-image-1484\" alt=\"\" \/>\t\t\t\t\t\t\t\t\t\t\t\t\t<\/div>\n\t\t\t\t<\/div>\n\t\t\t\t<div class=\"elementor-element elementor-element-b076997 elementor-widget elementor-widget-heading\" data-id=\"b076997\" data-element_type=\"widget\" data-widget_type=\"heading.default\">\n\t\t\t\t<div class=\"elementor-widget-container\">\n\t\t\t<p class=\"elementor-heading-title elementor-size-default\">7. R\u00e9sonance Francophone \u2013 Valorisation du patrimoine et du leadership des jeunes Afrodescendants : un programme qui met en lumi\u00e8re les voix, les talents et les ambitions de la rel\u00e8ve francophone noire.<\/p>\t\t<\/div>\n\t\t\t\t<\/div>\n\t\t\t\t\t<\/div>\n\t\t<\/div>\n\t\t\t\t<div class=\"elementor-column elementor-col-33 elementor-inner-column elementor-element elementor-element-f23e29f elementor-invisible\" data-id=\"f23e29f\" data-element_type=\"column\" data-settings=\"{&quot;animation&quot;:&quot;zoomIn&quot;}\">\n\t\t\t<div class=\"elementor-widget-wrap elementor-element-populated\">\n\t\t\t\t\t\t<div class=\"elementor-element elementor-element-8288d58 elementor-widget elementor-widget-image\" data-id=\"8288d58\" data-element_type=\"widget\" data-widget_type=\"image.default\">\n\t\t\t\t<div class=\"elementor-widget-container\">\n\t\t\t\t\t\t\t\t\t\t\t\t\t<img loading=\"lazy\" decoding=\"async\" width=\"800\" height=\"800\" src=\"https:\/\/aiacnb.ca\/wp-content\/uploads\/2025\/07\/handshake-deal-svgrepo-com.svg\" class=\"attachment-large size-large wp-image-1483\" alt=\"\" \/>\t\t\t\t\t\t\t\t\t\t\t\t\t<\/div>\n\t\t\t\t<\/div>\n\t\t\t\t<div class=\"elementor-element elementor-element-9d472dd elementor-widget elementor-widget-heading\" data-id=\"9d472dd\" data-element_type=\"widget\" data-widget_type=\"heading.default\">\n\t\t\t\t<div class=\"elementor-widget-container\">\n\t\t\t<p class=\"elementor-heading-title elementor-size-default\">8. Alliance Francophone Inclusive \u2013 Connecter, Collaborer, Rayonner : une initiative f\u00e9d\u00e9ratrice pour b\u00e2tir des ponts durables entre les communaut\u00e9s noires francophones du Nouveau-Brunswick et d\u2019ailleurs.<\/p>\t\t<\/div>\n\t\t\t\t<\/div>\n\t\t\t\t\t<\/div>\n\t\t<\/div>\n\t\t\t\t<div class=\"elementor-column elementor-col-33 elementor-inner-column elementor-element elementor-element-acab7cc elementor-invisible\" data-id=\"acab7cc\" data-element_type=\"column\" data-settings=\"{&quot;animation&quot;:&quot;rotateInDownRight&quot;}\">\n\t\t\t<div class=\"elementor-widget-wrap elementor-element-populated\">\n\t\t\t\t\t\t<div class=\"elementor-element elementor-element-102c239 elementor-widget elementor-widget-image\" data-id=\"102c239\" data-element_type=\"widget\" data-widget_type=\"image.default\">\n\t\t\t\t<div class=\"elementor-widget-container\">\n\t\t\t\t\t\t\t\t\t\t\t\t\t\t<a href=\"https:\/\/aiacnb.ca\/fr\/tech-generation-program\/\">\n\t\t\t\t\t\t\t<img loading=\"lazy\" decoding=\"async\" width=\"800\" height=\"800\" src=\"https:\/\/aiacnb.ca\/wp-content\/uploads\/2025\/10\/laptop-alt-1-svgrepo-com.svg\" class=\"attachment-large size-large wp-image-1652\" alt=\"\" \/>\t\t\t\t\t\t\t\t<\/a>\n\t\t\t\t\t\t\t\t\t\t\t\t\t<\/div>\n\t\t\t\t<\/div>\n\t\t\t\t<div class=\"elementor-element elementor-element-619fbfb elementor-widget elementor-widget-heading\" data-id=\"619fbfb\" data-element_type=\"widget\" data-widget_type=\"heading.default\">\n\t\t\t\t<div class=\"elementor-widget-container\">\n\t\t\t<p class=\"elementor-heading-title elementor-size-default\"><a href=\"https:\/\/aiacnb.ca\/fr\/tech-generation-program\/\">9. <u>Generation Tech<\/u> 9. G\u00e9n\u00e9ration Tech \u2013 Former les esprits de demain : un programme immersif qui initie les jeunes aux technologies du futur, programmation, cybers\u00e9curit\u00e9, intelligence artificielle, tout en stimulant leur cr\u00e9ativit\u00e9, leur curiosit\u00e9 et leur sens de l\u2019innovation.<\/a><\/p>\t\t<\/div>\n\t\t\t\t<\/div>\n\t\t\t\t\t<\/div>\n\t\t<\/div>\n\t\t\t\t\t<\/div>\n\t\t<\/section>\n\t\t\t\t\t<\/div>\n\t\t<\/div>\n\t\t\t\t\t<\/div>\n\t\t<\/section>\n\t\t\t\t<\/div>","protected":false},"excerpt":{"rendered":"<p>Our Projects HOME Our Projects Our Projects. ALTHOUGH THE LIST IS NOT EXHAUSTIVE, OUR MAIN PROJECTS ARE: 1. ACIA-NB initiated [&hellip;]<\/p>","protected":false},"author":1,"featured_media":0,"parent":0,"menu_order":0,"comment_status":"closed","ping_status":"closed","template":"","meta":{"site-sidebar-layout":"no-sidebar","site-content-layout":"","ast-site-content-layout":"full-width-container","site-content-style":"default","site-sidebar-style":"default","ast-global-header-display":"","ast-banner-title-visibility":"","ast-main-header-display":"","ast-hfb-above-header-display":"","ast-hfb-below-header-display":"","ast-hfb-mobile-header-display":"","site-post-title":"disabled","ast-breadcrumbs-content":"","ast-featured-img":"disabled","footer-sml-layout":"","theme-transparent-header-meta":"","adv-header-id-meta":"","stick-header-meta":"","header-above-stick-meta":"","header-main-stick-meta":"","header-below-stick-meta":"","astra-migrate-meta-layouts":"default","ast-page-background-enabled":"default","ast-page-background-meta":{"desktop":{"background-color":"var(--ast-global-color-4)","background-image":"","background-repeat":"repeat","background-position":"center center","background-size":"auto","background-attachment":"scroll","background-type":"","background-media":"","overlay-type":"","overlay-color":"","overlay-gradient":""},"tablet":{"background-color":"","background-image":"","background-repeat":"repeat","background-position":"center center","background-size":"auto","background-attachment":"scroll","background-type":"","background-media":"","overlay-type":"","overlay-color":"","overlay-gradient":""},"mobile":{"background-color":"","background-image":"","background-repeat":"repeat","background-position":"center center","background-size":"auto","background-attachment":"scroll","background-type":"","background-media":"","overlay-type":"","overlay-color":"","overlay-gradient":""}},"ast-content-background-meta":{"desktop":{"background-color":"var(--ast-global-color-5)","background-image":"","background-repeat":"repeat","background-position":"center center","background-size":"auto","background-attachment":"scroll","background-type":"","background-media":"","overlay-type":"","overlay-color":"","overlay-gradient":""},"tablet":{"background-color":"var(--ast-global-color-5)","background-image":"","background-repeat":"repeat","background-position":"center center","background-size":"auto","background-attachment":"scroll","background-type":"","background-media":"","overlay-type":"","overlay-color":"","overlay-gradient":""},"mobile":{"background-color":"var(--ast-global-color-5)","background-image":"","background-repeat":"repeat","background-position":"center center","background-size":"auto","background-attachment":"scroll","background-type":"","background-media":"","overlay-type":"","overlay-color":"","overlay-gradient":""}},"footnotes":""},"class_list":["post-20","page","type-page","status-publish","hentry"],"_links":{"self":[{"href":"https:\/\/aiacnb.ca\/fr\/wp-json\/wp\/v2\/pages\/20","targetHints":{"allow":["GET"]}}],"collection":[{"href":"https:\/\/aiacnb.ca\/fr\/wp-json\/wp\/v2\/pages"}],"about":[{"href":"https:\/\/aiacnb.ca\/fr\/wp-json\/wp\/v2\/types\/page"}],"author":[{"embeddable":true,"href":"https:\/\/aiacnb.ca\/fr\/wp-json\/wp\/v2\/users\/1"}],"replies":[{"embeddable":true,"href":"https:\/\/aiacnb.ca\/fr\/wp-json\/wp\/v2\/comments?post=20"}],"version-history":[{"count":62,"href":"https:\/\/aiacnb.ca\/fr\/wp-json\/wp\/v2\/pages\/20\/revisions"}],"predecessor-version":[{"id":1662,"href":"https:\/\/aiacnb.ca\/fr\/wp-json\/wp\/v2\/pages\/20\/revisions\/1662"}],"wp:attachment":[{"href":"https:\/\/aiacnb.ca\/fr\/wp-json\/wp\/v2\/media?parent=20"}],"curies":[{"name":"wp","href":"https:\/\/api.w.org\/{rel}","templated":true}]}}